{"id":44,"date":"2018-11-27T09:11:02","date_gmt":"2018-11-27T09:11:02","guid":{"rendered":"http:\/\/kuno-cpa.co.jp\/turkey_blog\/?page_id=44"},"modified":"2020-11-12T04:27:00","modified_gmt":"2020-11-12T04:27:00","slug":"%e4%bc%9a%e7%a4%be%e7%b4%b9%e4%bb%8b","status":"publish","type":"page","link":"https:\/\/kuno-cpa.co.jp\/turkey_blog\/%e4%bc%9a%e7%a4%be%e7%b4%b9%e4%bb%8b\/","title":{"rendered":"\u62e0\u70b9\u7d39\u4ecb"},"content":{"rendered":"<p><img data-attachment-id=\"1650\" data-permalink=\"https:\/\/kuno-cpa.co.jp\/turkey_blog\/%e4%bc%9a%e7%a4%be%e7%b4%b9%e4%bb%8b\/whatsapp-image-2020-10-20-at-09-33-24-2\/\" data-orig-file=\"https:\/\/i0.wp.com\/kuno-cpa.co.jp\/turkey_blog\/wp-content\/uploads\/2020\/11\/WhatsApp-Image-2020-10-20-at-09.33.24-2.jpeg?fit=1398%2C802&amp;ssl=1\" data-orig-size=\"1398,802\" data-comments-opened=\"0\" data-image-meta=\"{&quot;aperture&quot;:&quot;0&quot;,&quot;credit&quot;:&quot;&quot;,&quot;camera&quot;:&quot;&quot;,&quot;caption&quot;:&quot;&quot;,&quot;created_timestamp&quot;:&quot;1603188736&quot;,&quot;copyright&quot;:&quot;&quot;,&quot;focal_length&quot;:&quot;0&quot;,&quot;iso&quot;:&quot;0&quot;,&quot;shutter_speed&quot;:&quot;0&quot;,&quot;title&quot;:&quot;&quot;,&quot;orientation&quot;:&quot;1&quot;}\" data-image-title=\"WhatsApp Image 2020-10-20 at 09.33.24 (2)\" data-image-description=\"\" data-image-caption=\"\" data-medium-file=\"https:\/\/i0.wp.com\/kuno-cpa.co.jp\/turkey_blog\/wp-content\/uploads\/2020\/11\/WhatsApp-Image-2020-10-20-at-09.33.24-2.jpeg?fit=300%2C172&amp;ssl=1\" data-large-file=\"https:\/\/i0.wp.com\/kuno-cpa.co.jp\/turkey_blog\/wp-content\/uploads\/2020\/11\/WhatsApp-Image-2020-10-20-at-09.33.24-2.jpeg?fit=1024%2C587&amp;ssl=1\" loading=\"lazy\" class=\"alignnone wp-image-1650 size-large\" src=\"https:\/\/i0.wp.com\/kuno-cpa.co.jp\/turkey_blog\/wp-content\/uploads\/2020\/11\/WhatsApp-Image-2020-10-20-at-09.33.24-2.jpeg?resize=1024%2C587&#038;ssl=1\" alt=\"\" width=\"1024\" height=\"587\" srcset=\"https:\/\/i0.wp.com\/kuno-cpa.co.jp\/turkey_blog\/wp-content\/uploads\/2020\/11\/WhatsApp-Image-2020-10-20-at-09.33.24-2.jpeg?resize=1024%2C587&amp;ssl=1 1024w, https:\/\/i0.wp.com\/kuno-cpa.co.jp\/turkey_blog\/wp-content\/uploads\/2020\/11\/WhatsApp-Image-2020-10-20-at-09.33.24-2.jpeg?resize=300%2C172&amp;ssl=1 300w, https:\/\/i0.wp.com\/kuno-cpa.co.jp\/turkey_blog\/wp-content\/uploads\/2020\/11\/WhatsApp-Image-2020-10-20-at-09.33.24-2.jpeg?resize=768%2C441&amp;ssl=1 768w, https:\/\/i0.wp.com\/kuno-cpa.co.jp\/turkey_blog\/wp-content\/uploads\/2020\/11\/WhatsApp-Image-2020-10-20-at-09.33.24-2.jpeg?w=1398&amp;ssl=1 1398w\" sizes=\"(max-width: 1000px) 100vw, 1000px\" data-recalc-dims=\"1\" \/><\/p>\n<hr \/>\n<h3><strong>\u62e0\u70b9\u60c5\u5831<\/strong><\/h3>\n<table class=\"kaisha\" style=\"height: 146px;\">\n<tbody>\n<tr style=\"height: 16px;\">\n<th style=\"height: 16px; width: 221.2px;\">\u62e0\u70b9<\/th>\n<td style=\"height: 16px; width: 711.6px;\">\u6771\u4eac\u30b3\u30f3\u30b5\u30eb\u30c6\u30a3\u30f3\u30b0\u30d5\u30a1\u30fc\u30e0\u3000\u30c8\u30eb\u30b3\u62e0\u70b9<\/td>\n<\/tr>\n<tr style=\"height: 16px;\">\n<th style=\"height: 16px; width: 221.2px;\">\u6cd5\u4eba\u540d<\/th>\n<td style=\"height: 16px; width: 711.6px;\">Tokyo Consulting Firm Dani\u015fmanlik L\u0131m\u0131ted \u015e\u0131rket\u0131.<\/td>\n<\/tr>\n<tr style=\"height: 16px;\">\n<th style=\"height: 16px; width: 221.2px;\">Website\uff08\u65e5\u672c\u8a9e\uff09<\/th>\n<td style=\"height: 16px; width: 711.6px;\"><a href=\"http:\/\/www.kuno-cpa.co.jp\/tcf\/turkey\/\">http:\/\/www.kuno-cpa.co.jp\/tcf\/turkey\/<\/a><\/td>\n<\/tr>\n<tr style=\"height: 16px;\">\n<th style=\"height: 16px; width: 221.2px;\">Website\uff08English\uff09<\/th>\n<td style=\"height: 16px; width: 711.6px;\"><a href=\"http:\/\/www.tokyoconsultingfirm.com\/turkey\/\">http:\/\/www.tokyoconsultingfirm.com\/turkey\/<\/a><\/td>\n<\/tr>\n<tr style=\"height: 34px;\">\n<th style=\"height: 34px; width: 221.2px;\">\u6240\u5728\u5730<\/th>\n<td style=\"height: 34px; width: 711.6px;\">LEVENT Mah. G\u00dcLL\u00dc Sok. No:11 &#8211; 34330 BE\u015e\u0130KTA\u015e \/ \u0130STANBUL<br \/>\n<a href=\"https:\/\/www.google.co.jp\/maps\/place\/Levent,+G%C3%BCll%C3%BC+Sk.+No:11,+34330+Be%C5%9Fikta%C5%9F%2F%C4%B0stanbul,+%E3%83%88%E3%83%AB%E3%82%B3\/@41.0861991,29.0183863,19z\/data=!4m5!3m4!1s0x14cab6726bfa8637:0x5e9a260e1ca4e1f8!8m2!3d41.086155!4d29.0186328?hl=ja&amp;authuser=0\" target=\"_blank\" rel=\"noopener\">\u5730\u56f3\u306f\u3053\u3061\u3089<\/a><\/td>\n<\/tr>\n<tr style=\"height: 16px;\">\n<th style=\"height: 16px; width: 221.2px;\">TEL<\/th>\n<td style=\"height: 16px; width: 711.6px;\">+90-539-585-4248<\/td>\n<\/tr>\n<\/tbody>\n<\/table>\n","protected":false},"excerpt":{"rendered":"\u62e0\u70b9\u60c5\u5831 \u62e0\u70b9 \u6771\u4eac\u30b3\u30f3\u30b5\u30eb\u30c6\u30a3\u30f3\u30b0\u30d5\u30a1\u30fc\u30e0\u3000\u30c8\u30eb\u30b3\u62e0\u70b9 \u6cd5\u4eba\u540d Tokyo Consulting Firm Dani\u015fmanlik L\u0131m\u0131ted \u015e\u0131rket\u0131. Website\uff08\u65e5\u672c\u8a9e\uff09 http:\/\/www.ku [&hellip;]","protected":false},"author":1,"featured_media":832,"parent":0,"menu_order":0,"comment_status":"closed","ping_status":"closed","template":"","meta":{"_monsterinsights_skip_tracking":false,"_monsterinsights_sitenote_active":false,"_monsterinsights_sitenote_note":"","_monsterinsights_sitenote_category":0},"aioseo_notices":[],"jetpack_shortlink":"https:\/\/wp.me\/PaycfD-I","_links":{"self":[{"href":"https:\/\/kuno-cpa.co.jp\/turkey_blog\/wp-json\/wp\/v2\/pages\/44"}],"collection":[{"href":"https:\/\/kuno-cpa.co.jp\/turkey_blog\/wp-json\/wp\/v2\/pages"}],"about":[{"href":"https:\/\/kuno-cpa.co.jp\/turkey_blog\/wp-json\/wp\/v2\/types\/page"}],"author":[{"embeddable":true,"href":"https:\/\/kuno-cpa.co.jp\/turkey_blog\/wp-json\/wp\/v2\/users\/1"}],"replies":[{"embeddable":true,"href":"https:\/\/kuno-cpa.co.jp\/turkey_blog\/wp-json\/wp\/v2\/comments?post=44"}],"version-history":[{"count":6,"href":"https:\/\/kuno-cpa.co.jp\/turkey_blog\/wp-json\/wp\/v2\/pages\/44\/revisions"}],"predecessor-version":[{"id":1651,"href":"https:\/\/kuno-cpa.co.jp\/turkey_blog\/wp-json\/wp\/v2\/pages\/44\/revisions\/1651"}],"wp:featuredmedia":[{"embeddable":true,"href":"https:\/\/kuno-cpa.co.jp\/turkey_blog\/wp-json\/wp\/v2\/media\/832"}],"wp:attachment":[{"href":"https:\/\/kuno-cpa.co.jp\/turkey_blog\/wp-json\/wp\/v2\/media?parent=44"}],"curies":[{"name":"wp","href":"https:\/\/api.w.org\/{rel}","templated":true}]}}